{"id":6510,"date":"2025-07-07T15:42:39","date_gmt":"2025-07-07T13:42:39","guid":{"rendered":"https:\/\/n.garstkastudio.pl\/produkt\/lampa-okragla\/"},"modified":"2025-07-07T15:42:39","modified_gmt":"2025-07-07T13:42:39","slug":"lampa-okragla","status":"publish","type":"product","link":"https:\/\/garstkastudio.pl\/en\/produkt\/lampa-okragla\/","title":{"rendered":"lampa okr\u0105g\u0142a"},"content":{"rendered":"<p>Zanurz si\u0119 w blasku wyj\u0105tkowego \u015bwiat\u0142a z lamp\u0105 wisz\u0105c\u0105 \u201eKokon\u201d \u2013 projektem, kt\u00f3ry \u0142\u0105czy artystyczne rzemios\u0142o z funkcjonalno\u015bci\u0105.<\/p>\n<p>Jej masywna, organiczna forma inspirowana natur\u0105 przypomina pancerz lub owoc \u2013 z zewn\u0105trz surowa, strukturalna, niemal rze\u017abiarska. Wn\u0119trze lampy zaskakuje natomiast z\u0142otym wyko\u0144czeniem, kt\u00f3re odbija \u015bwiat\u0142o w ciep\u0142ych, migocz\u0105cych tonach.<\/p>\n<p>Ka\u017cda lampa jest wykonana r\u0119cznie \u2013 dlatego nie ma dw\u00f3ch identycznych egzemplarzy. \u201eKokon\u201d nie tylko o\u015bwietla, ale te\u017c nadaje wn\u0119trzu charakteru i staje si\u0119 jego centralnym punktem. Doskonale sprawdzi si\u0119 nad sto\u0142em w jadalni, w salonie, loftowym biurze czy klimatycznym hotelowym lobby.<\/p>\n","protected":false},"excerpt":{"rendered":"<p>Lampa wisz\u0105ca \u201eKokon\u201d to harmonijne po\u0142\u0105czenie surowej faktury i ciep\u0142ego \u015bwiat\u0142a. R\u0119cznie wyko\u0144czona powierzchnia z wyra\u017an\u0105 struktur\u0105 tworzy efekt organicznego pancerza, a z\u0142ote wn\u0119trze lampy nadaje wn\u0119trzu przytulny blask i elegancj\u0119. Idealna nad st\u00f3\u0142 lub do przestrzeni z charakterem.<\/p>\n","protected":false},"featured_media":4194,"comment_status":"open","ping_status":"closed","template":"","meta":[],"product_brand":[],"product_cat":[4532],"product_tag":[],"class_list":{"0":"post-6510","1":"product","2":"type-product","3":"status-publish","4":"has-post-thumbnail","6":"product_cat-uncategorized","8":"first","9":"instock","10":"shipping-taxable","11":"purchasable","12":"product-type-simple"},"yoast_head":"<!-- This site is optimized with the Yoast SEO plugin v26.7 - https:\/\/yoast.com\/wordpress\/plugins\/seo\/ -->\n<title>lampa okr\u0105g\u0142a - Garstka Studio%<\/title>\n<meta name=\"robots\" content=\"index, follow, max-snippet:-1, max-image-preview:large, max-video-preview:-1\" \/>\n<link rel=\"canonical\" href=\"https:\/\/garstkastudio.pl\/en\/produkt\/lampa-okragla\/\" \/>\n<meta property=\"og:locale\" content=\"en_US\" \/>\n<meta property=\"og:type\" content=\"article\" \/>\n<meta property=\"og:title\" content=\"lampa okr\u0105g\u0142a - Garstka Studio%\" \/>\n<meta property=\"og:description\" content=\"Lampa wisz\u0105ca \u201eKokon\u201d to harmonijne po\u0142\u0105czenie surowej faktury i ciep\u0142ego \u015bwiat\u0142a. R\u0119cznie wyko\u0144czona powierzchnia z wyra\u017an\u0105 struktur\u0105 tworzy efekt organicznego pancerza, a z\u0142ote wn\u0119trze lampy nadaje wn\u0119trzu przytulny blask i elegancj\u0119. Idealna nad st\u00f3\u0142 lub do przestrzeni z charakterem.\" \/>\n<meta property=\"og:url\" content=\"https:\/\/garstkastudio.pl\/en\/produkt\/lampa-okragla\/\" \/>\n<meta property=\"og:site_name\" content=\"Garstka Studio\" \/>\n<meta property=\"article:publisher\" content=\"https:\/\/www.facebook.com\/garstkastudio\/\" \/>\n<meta name=\"twitter:card\" content=\"summary_large_image\" \/>\n<meta name=\"twitter:label1\" content=\"Est. reading time\" \/>\n\t<meta name=\"twitter:data1\" content=\"1 minute\" \/>\n<script type=\"application\/ld+json\" class=\"yoast-schema-graph\">{\"@context\":\"https:\/\/schema.org\",\"@graph\":[{\"@type\":\"WebPage\",\"@id\":\"https:\/\/garstkastudio.pl\/en\/produkt\/lampa-okragla\/\",\"url\":\"https:\/\/garstkastudio.pl\/en\/produkt\/lampa-okragla\/\",\"name\":\"lampa okr\u0105g\u0142a - Garstka Studio%\",\"isPartOf\":{\"@id\":\"https:\/\/garstkastudio.pl\/en\/#website\"},\"primaryImageOfPage\":{\"@id\":\"https:\/\/garstkastudio.pl\/en\/produkt\/lampa-okragla\/#primaryimage\"},\"image\":{\"@id\":\"https:\/\/garstkastudio.pl\/en\/produkt\/lampa-okragla\/#primaryimage\"},\"thumbnailUrl\":\"https:\/\/garstkastudio.pl\/wp-content\/uploads\/2025\/07\/lampy-garstkastudio-1-scaled-e1754909901389.jpg\",\"datePublished\":\"2025-07-07T13:42:39+00:00\",\"breadcrumb\":{\"@id\":\"https:\/\/garstkastudio.pl\/en\/produkt\/lampa-okragla\/#breadcrumb\"},\"inLanguage\":\"en-US\",\"potentialAction\":[{\"@type\":\"ReadAction\",\"target\":[\"https:\/\/garstkastudio.pl\/en\/produkt\/lampa-okragla\/\"]}]},{\"@type\":\"ImageObject\",\"inLanguage\":\"en-US\",\"@id\":\"https:\/\/garstkastudio.pl\/en\/produkt\/lampa-okragla\/#primaryimage\",\"url\":\"https:\/\/garstkastudio.pl\/wp-content\/uploads\/2025\/07\/lampy-garstkastudio-1-scaled-e1754909901389.jpg\",\"contentUrl\":\"https:\/\/garstkastudio.pl\/wp-content\/uploads\/2025\/07\/lampy-garstkastudio-1-scaled-e1754909901389.jpg\",\"width\":1527,\"height\":1476},{\"@type\":\"BreadcrumbList\",\"@id\":\"https:\/\/garstkastudio.pl\/en\/produkt\/lampa-okragla\/#breadcrumb\",\"itemListElement\":[{\"@type\":\"ListItem\",\"position\":1,\"name\":\"Homepage\",\"item\":\"https:\/\/n.garstkastudio.pl\/en\/strona-odlewnia-i-artystyczne-odlewy-z-brazu-i-pomniki-i-tablice-i-pracownia-rzezbiarsko-odlewnicza-przyjazna-artystom\/\"},{\"@type\":\"ListItem\",\"position\":2,\"name\":\"Shop\",\"item\":\"https:\/\/n.garstkastudio.pl\/shop\/?lang=en\"},{\"@type\":\"ListItem\",\"position\":3,\"name\":\"lampa okr\u0105g\u0142a\"}]},{\"@type\":\"WebSite\",\"@id\":\"https:\/\/garstkastudio.pl\/en\/#website\",\"url\":\"https:\/\/garstkastudio.pl\/en\/\",\"name\":\"Garstka Studio\",\"description\":\"Pracownia rze\u017abiarsko-odlewnicza\",\"potentialAction\":[{\"@type\":\"SearchAction\",\"target\":{\"@type\":\"EntryPoint\",\"urlTemplate\":\"https:\/\/garstkastudio.pl\/en\/?s={search_term_string}\"},\"query-input\":{\"@type\":\"PropertyValueSpecification\",\"valueRequired\":true,\"valueName\":\"search_term_string\"}}],\"inLanguage\":\"en-US\"}]}<\/script>\n<!-- \/ Yoast SEO plugin. -->","yoast_head_json":{"title":"lampa okr\u0105g\u0142a - Garstka Studio%","robots":{"index":"index","follow":"follow","max-snippet":"max-snippet:-1","max-image-preview":"max-image-preview:large","max-video-preview":"max-video-preview:-1"},"canonical":"https:\/\/garstkastudio.pl\/en\/produkt\/lampa-okragla\/","og_locale":"en_US","og_type":"article","og_title":"lampa okr\u0105g\u0142a - Garstka Studio%","og_description":"Lampa wisz\u0105ca \u201eKokon\u201d to harmonijne po\u0142\u0105czenie surowej faktury i ciep\u0142ego \u015bwiat\u0142a. R\u0119cznie wyko\u0144czona powierzchnia z wyra\u017an\u0105 struktur\u0105 tworzy efekt organicznego pancerza, a z\u0142ote wn\u0119trze lampy nadaje wn\u0119trzu przytulny blask i elegancj\u0119. Idealna nad st\u00f3\u0142 lub do przestrzeni z charakterem.","og_url":"https:\/\/garstkastudio.pl\/en\/produkt\/lampa-okragla\/","og_site_name":"Garstka Studio","article_publisher":"https:\/\/www.facebook.com\/garstkastudio\/","twitter_card":"summary_large_image","twitter_misc":{"Est. reading time":"1 minute"},"schema":{"@context":"https:\/\/schema.org","@graph":[{"@type":"WebPage","@id":"https:\/\/garstkastudio.pl\/en\/produkt\/lampa-okragla\/","url":"https:\/\/garstkastudio.pl\/en\/produkt\/lampa-okragla\/","name":"lampa okr\u0105g\u0142a - Garstka Studio%","isPartOf":{"@id":"https:\/\/garstkastudio.pl\/en\/#website"},"primaryImageOfPage":{"@id":"https:\/\/garstkastudio.pl\/en\/produkt\/lampa-okragla\/#primaryimage"},"image":{"@id":"https:\/\/garstkastudio.pl\/en\/produkt\/lampa-okragla\/#primaryimage"},"thumbnailUrl":"https:\/\/garstkastudio.pl\/wp-content\/uploads\/2025\/07\/lampy-garstkastudio-1-scaled-e1754909901389.jpg","datePublished":"2025-07-07T13:42:39+00:00","breadcrumb":{"@id":"https:\/\/garstkastudio.pl\/en\/produkt\/lampa-okragla\/#breadcrumb"},"inLanguage":"en-US","potentialAction":[{"@type":"ReadAction","target":["https:\/\/garstkastudio.pl\/en\/produkt\/lampa-okragla\/"]}]},{"@type":"ImageObject","inLanguage":"en-US","@id":"https:\/\/garstkastudio.pl\/en\/produkt\/lampa-okragla\/#primaryimage","url":"https:\/\/garstkastudio.pl\/wp-content\/uploads\/2025\/07\/lampy-garstkastudio-1-scaled-e1754909901389.jpg","contentUrl":"https:\/\/garstkastudio.pl\/wp-content\/uploads\/2025\/07\/lampy-garstkastudio-1-scaled-e1754909901389.jpg","width":1527,"height":1476},{"@type":"BreadcrumbList","@id":"https:\/\/garstkastudio.pl\/en\/produkt\/lampa-okragla\/#breadcrumb","itemListElement":[{"@type":"ListItem","position":1,"name":"Homepage","item":"https:\/\/n.garstkastudio.pl\/en\/strona-odlewnia-i-artystyczne-odlewy-z-brazu-i-pomniki-i-tablice-i-pracownia-rzezbiarsko-odlewnicza-przyjazna-artystom\/"},{"@type":"ListItem","position":2,"name":"Shop","item":"https:\/\/n.garstkastudio.pl\/shop\/?lang=en"},{"@type":"ListItem","position":3,"name":"lampa okr\u0105g\u0142a"}]},{"@type":"WebSite","@id":"https:\/\/garstkastudio.pl\/en\/#website","url":"https:\/\/garstkastudio.pl\/en\/","name":"Garstka Studio","description":"Pracownia rze\u017abiarsko-odlewnicza","potentialAction":[{"@type":"SearchAction","target":{"@type":"EntryPoint","urlTemplate":"https:\/\/garstkastudio.pl\/en\/?s={search_term_string}"},"query-input":{"@type":"PropertyValueSpecification","valueRequired":true,"valueName":"search_term_string"}}],"inLanguage":"en-US"}]}},"_links":{"self":[{"href":"https:\/\/garstkastudio.pl\/en\/wp-json\/wp\/v2\/product\/6510","targetHints":{"allow":["GET"]}}],"collection":[{"href":"https:\/\/garstkastudio.pl\/en\/wp-json\/wp\/v2\/product"}],"about":[{"href":"https:\/\/garstkastudio.pl\/en\/wp-json\/wp\/v2\/types\/product"}],"replies":[{"embeddable":true,"href":"https:\/\/garstkastudio.pl\/en\/wp-json\/wp\/v2\/comments?post=6510"}],"wp:featuredmedia":[{"embeddable":true,"href":"https:\/\/garstkastudio.pl\/en\/wp-json\/wp\/v2\/media\/4194"}],"wp:attachment":[{"href":"https:\/\/garstkastudio.pl\/en\/wp-json\/wp\/v2\/media?parent=6510"}],"wp:term":[{"taxonomy":"product_brand","embeddable":true,"href":"https:\/\/garstkastudio.pl\/en\/wp-json\/wp\/v2\/product_brand?post=6510"},{"taxonomy":"product_cat","embeddable":true,"href":"https:\/\/garstkastudio.pl\/en\/wp-json\/wp\/v2\/product_cat?post=6510"},{"taxonomy":"product_tag","embeddable":true,"href":"https:\/\/garstkastudio.pl\/en\/wp-json\/wp\/v2\/product_tag?post=6510"}],"curies":[{"name":"wp","href":"https:\/\/api.w.org\/{rel}","templated":true}]}}