{"id":1232,"date":"2017-04-25T07:41:42","date_gmt":"2017-04-25T05:41:42","guid":{"rendered":"http:\/\/test.garstkastudio.pl\/?page_id=1232\/"},"modified":"2025-11-07T16:16:02","modified_gmt":"2025-11-07T15:16:02","slug":"contact","status":"publish","type":"page","link":"https:\/\/garstkastudio.pl\/en\/contact\/","title":{"rendered":"Contact"},"content":{"rendered":"<p>\u201eGARSTKASTUDIO\u201d S.C.<br \/>\nPiotr Garstka, Andrzej Garstka<br \/>\n<strong>ul. Le\u015bna 14, Szymanowo, 63-100 \u015arem<\/strong><\/p>\n<p>Foundry workshop and sculpture model delivery address:<br \/>\n<strong>ul. G\u0142\u00f3wna 3, Szymanowo, 63-100 \u015arem<\/strong><\/p>\n<p><a class=\"cta-link-bolder\" style=\"margin-bottom: 30px;\" href=\"https:\/\/www.google.com\/maps\/place\/GARSTKA+STUDIO\/@52.1077259,16.9641837,18.62z\/data=!4m6!3m5!1s0x4705aa7026bb22f7:0x7696038365765c45!8m2!3d52.10766!4d16.964999!16s%2Fg%2F11b5qsff7z?entry=ttu&amp;g_ep=EgoyMDI1MDgxOS4wIKXMDSoASAFQAw%3D%3D\" target=\"_blank\" rel=\"noopener\">Check how to get there<\/a><\/p>\n<p>Phone:<br \/>\n<strong>Piotr Garstka <a href=\"tel:+48691390327\">+48 691390327<\/a><\/strong><br \/>\n<strong>Aleksandra Garstka <a href=\"tel:+48603312323\">+48 603312323<\/a><\/strong><br \/>\n<strong>Andrzej Garstka <a href=\"tel:+48691390326\">+48 691390326<\/a><\/strong><br \/>\n<strong>Kamila Garstka <a href=\"tel:+48514813771\">+48 514813771<\/a><\/strong><\/p>\n<p>E-mail:<br \/>\n<strong><a href=\"mailto:piotr@garstkastudio.pl\">piotr@garstkastudio.pl<\/a><\/strong><br \/>\n<strong><a href=\"mailto:aleksandra@garstkastudio.pl\">aleksandra@garstkastudio.pl<\/a><\/strong><br \/>\n<strong><a href=\"mailto:andrzej@garstkastudio.pl\">andrzej@garstkastudio.pl<\/a><\/strong><br \/>\n<strong><a href=\"mailto:kamila@garstkastudio.pl\">kamila@garstkastudio.pl<\/a><\/strong><\/p>\n<p>VAT ID <strong>PL7851799679<\/strong><\/p>\n<p>Bank Details:<br \/>\nBank: <strong>PKO BP O\/\u015aREM<\/strong>, SWIFT: <strong>BPKOPLPW<\/strong><br \/>\nPLN: <strong>65 1020 4160 0000 2102 0175 1122<\/strong><br \/>\nEUR: <strong>78 1020 4160 0000 2402 0258 6105<\/strong><\/p>\n","protected":false},"excerpt":{"rendered":"<p>\u201eGARSTKASTUDIO\u201d S.C. Piotr Garstka, Andrzej Garstka ul. Le\u015bna 14, Szymanowo, 63-100 \u015arem Foundry workshop and sculpture model delivery address: ul. G\u0142\u00f3wna 3, Szymanowo, 63-100 \u015arem Check how to get there Phone: Piotr Garstka +48 691390327 Aleksandra Garstka +48 603312323 Andrzej Garstka +48 691390326 Kamila Garstka +48 514813771 E-mail: piotr@garstkastudio.pl aleksandra@garstkastudio.pl andrzej@garstkastudio.pl kamila@garstkastudio.pl VAT ID PL7851799679 [&hellip;]<\/p>\n","protected":false},"author":4,"featured_media":0,"parent":0,"menu_order":0,"comment_status":"closed","ping_status":"closed","template":"page-templates\/contact.php","meta":{"footnotes":""},"class_list":["post-1232","page","type-page","status-publish","hentry"],"yoast_head":"<!-- This site is optimized with the Yoast SEO plugin v26.7 - https:\/\/yoast.com\/wordpress\/plugins\/seo\/ -->\n<title>Contact - Garstka Studio<\/title>\n<meta name=\"description\" content=\"Contact\" \/>\n<meta name=\"robots\" content=\"index, follow, max-snippet:-1, max-image-preview:large, max-video-preview:-1\" \/>\n<link rel=\"canonical\" href=\"https:\/\/garstkastudio.pl\/en\/contact\/\" \/>\n<meta property=\"og:locale\" content=\"en_US\" \/>\n<meta property=\"og:type\" content=\"article\" \/>\n<meta property=\"og:title\" content=\"Contact - Garstka Studio\" \/>\n<meta property=\"og:description\" content=\"Contact\" \/>\n<meta property=\"og:url\" content=\"https:\/\/garstkastudio.pl\/en\/contact\/\" \/>\n<meta property=\"og:site_name\" content=\"Garstka Studio\" \/>\n<meta property=\"article:publisher\" content=\"https:\/\/www.facebook.com\/garstkastudio\/\" \/>\n<meta property=\"article:modified_time\" content=\"2025-11-07T15:16:02+00:00\" \/>\n<meta name=\"twitter:card\" content=\"summary_large_image\" \/>\n<meta name=\"twitter:label1\" content=\"Est. reading time\" \/>\n\t<meta name=\"twitter:data1\" content=\"1 minute\" \/>\n<script type=\"application\/ld+json\" class=\"yoast-schema-graph\">{\"@context\":\"https:\/\/schema.org\",\"@graph\":[{\"@type\":\"WebPage\",\"@id\":\"https:\/\/garstkastudio.pl\/en\/contact\/\",\"url\":\"https:\/\/garstkastudio.pl\/en\/contact\/\",\"name\":\"Contact - Garstka Studio\",\"isPartOf\":{\"@id\":\"https:\/\/garstkastudio.pl\/en\/#website\"},\"datePublished\":\"2017-04-25T05:41:42+00:00\",\"dateModified\":\"2025-11-07T15:16:02+00:00\",\"description\":\"Contact\",\"breadcrumb\":{\"@id\":\"https:\/\/garstkastudio.pl\/en\/contact\/#breadcrumb\"},\"inLanguage\":\"en-US\",\"potentialAction\":[{\"@type\":\"ReadAction\",\"target\":[\"https:\/\/garstkastudio.pl\/en\/contact\/\"]}]},{\"@type\":\"BreadcrumbList\",\"@id\":\"https:\/\/garstkastudio.pl\/en\/contact\/#breadcrumb\",\"itemListElement\":[{\"@type\":\"ListItem\",\"position\":1,\"name\":\"Homepage\",\"item\":\"https:\/\/n.garstkastudio.pl\/en\/strona-odlewnia-i-artystyczne-odlewy-z-brazu-i-pomniki-i-tablice-i-pracownia-rzezbiarsko-odlewnicza-przyjazna-artystom\/\"},{\"@type\":\"ListItem\",\"position\":2,\"name\":\"Contact\"}]},{\"@type\":\"WebSite\",\"@id\":\"https:\/\/garstkastudio.pl\/en\/#website\",\"url\":\"https:\/\/garstkastudio.pl\/en\/\",\"name\":\"Garstka Studio\",\"description\":\"Pracownia rze\u017abiarsko-odlewnicza\",\"potentialAction\":[{\"@type\":\"SearchAction\",\"target\":{\"@type\":\"EntryPoint\",\"urlTemplate\":\"https:\/\/garstkastudio.pl\/en\/?s={search_term_string}\"},\"query-input\":{\"@type\":\"PropertyValueSpecification\",\"valueRequired\":true,\"valueName\":\"search_term_string\"}}],\"inLanguage\":\"en-US\"}]}<\/script>\n<!-- \/ Yoast SEO plugin. -->","yoast_head_json":{"title":"Contact - Garstka Studio","description":"Contact","robots":{"index":"index","follow":"follow","max-snippet":"max-snippet:-1","max-image-preview":"max-image-preview:large","max-video-preview":"max-video-preview:-1"},"canonical":"https:\/\/garstkastudio.pl\/en\/contact\/","og_locale":"en_US","og_type":"article","og_title":"Contact - Garstka Studio","og_description":"Contact","og_url":"https:\/\/garstkastudio.pl\/en\/contact\/","og_site_name":"Garstka Studio","article_publisher":"https:\/\/www.facebook.com\/garstkastudio\/","article_modified_time":"2025-11-07T15:16:02+00:00","twitter_card":"summary_large_image","twitter_misc":{"Est. reading time":"1 minute"},"schema":{"@context":"https:\/\/schema.org","@graph":[{"@type":"WebPage","@id":"https:\/\/garstkastudio.pl\/en\/contact\/","url":"https:\/\/garstkastudio.pl\/en\/contact\/","name":"Contact - Garstka Studio","isPartOf":{"@id":"https:\/\/garstkastudio.pl\/en\/#website"},"datePublished":"2017-04-25T05:41:42+00:00","dateModified":"2025-11-07T15:16:02+00:00","description":"Contact","breadcrumb":{"@id":"https:\/\/garstkastudio.pl\/en\/contact\/#breadcrumb"},"inLanguage":"en-US","potentialAction":[{"@type":"ReadAction","target":["https:\/\/garstkastudio.pl\/en\/contact\/"]}]},{"@type":"BreadcrumbList","@id":"https:\/\/garstkastudio.pl\/en\/contact\/#breadcrumb","itemListElement":[{"@type":"ListItem","position":1,"name":"Homepage","item":"https:\/\/n.garstkastudio.pl\/en\/strona-odlewnia-i-artystyczne-odlewy-z-brazu-i-pomniki-i-tablice-i-pracownia-rzezbiarsko-odlewnicza-przyjazna-artystom\/"},{"@type":"ListItem","position":2,"name":"Contact"}]},{"@type":"WebSite","@id":"https:\/\/garstkastudio.pl\/en\/#website","url":"https:\/\/garstkastudio.pl\/en\/","name":"Garstka Studio","description":"Pracownia rze\u017abiarsko-odlewnicza","potentialAction":[{"@type":"SearchAction","target":{"@type":"EntryPoint","urlTemplate":"https:\/\/garstkastudio.pl\/en\/?s={search_term_string}"},"query-input":{"@type":"PropertyValueSpecification","valueRequired":true,"valueName":"search_term_string"}}],"inLanguage":"en-US"}]}},"_links":{"self":[{"href":"https:\/\/garstkastudio.pl\/en\/wp-json\/wp\/v2\/pages\/1232","targetHints":{"allow":["GET"]}}],"collection":[{"href":"https:\/\/garstkastudio.pl\/en\/wp-json\/wp\/v2\/pages"}],"about":[{"href":"https:\/\/garstkastudio.pl\/en\/wp-json\/wp\/v2\/types\/page"}],"author":[{"embeddable":true,"href":"https:\/\/garstkastudio.pl\/en\/wp-json\/wp\/v2\/users\/4"}],"replies":[{"embeddable":true,"href":"https:\/\/garstkastudio.pl\/en\/wp-json\/wp\/v2\/comments?post=1232"}],"version-history":[{"count":25,"href":"https:\/\/garstkastudio.pl\/en\/wp-json\/wp\/v2\/pages\/1232\/revisions"}],"predecessor-version":[{"id":7422,"href":"https:\/\/garstkastudio.pl\/en\/wp-json\/wp\/v2\/pages\/1232\/revisions\/7422"}],"wp:attachment":[{"href":"https:\/\/garstkastudio.pl\/en\/wp-json\/wp\/v2\/media?parent=1232"}],"curies":[{"name":"wp","href":"https:\/\/api.w.org\/{rel}","templated":true}]}}